{"id":18835,"date":"2022-08-29T17:31:53","date_gmt":"2022-08-29T14:31:53","guid":{"rendered":"https:\/\/h7.veebilahendus.ee\/muugitingimused\/"},"modified":"2022-11-24T12:51:28","modified_gmt":"2022-11-24T10:51:28","slug":"%d1%83%d1%81%d0%bb%d0%be%d0%b2%d0%b8%d1%8f-%d0%bf%d1%80%d0%be%d0%b4%d0%b0%d0%b6%d0%b8","status":"publish","type":"page","link":"https:\/\/h7.veebilahendus.ee\/ru\/%d1%83%d1%81%d0%bb%d0%be%d0%b2%d0%b8%d1%8f-%d0%bf%d1%80%d0%be%d0%b4%d0%b0%d0%b6%d0%b8\/","title":{"rendered":"\u0423\u0441\u043b\u043e\u0432\u0438\u044f \u043f\u0440\u043e\u0434\u0430\u0436\u0438"},"content":{"rendered":"","protected":false},"excerpt":{"rendered":"","protected":false},"author":5,"featured_media":0,"parent":0,"menu_order":0,"comment_status":"closed","ping_status":"closed","template":"","meta":{"advgb_blocks_editor_width":"","advgb_blocks_columns_visual_guide":"","footnotes":""},"class_list":["post-18835","page","type-page","status-publish","hentry"],"yoast_head":"<!-- This site is optimized with the Yoast SEO plugin v24.7 - https:\/\/yoast.com\/wordpress\/plugins\/seo\/ -->\n<title>\u0423\u0441\u043b\u043e\u0432\u0438\u044f \u043f\u0440\u043e\u0434\u0430\u0436\u0438 - Ruumide sisekujundus ja remont<\/title>\n<meta name=\"robots\" content=\"index, follow, max-snippet:-1, max-image-preview:large, max-video-preview:-1\" \/>\n<link rel=\"canonical\" href=\"https:\/\/h7.veebilahendus.ee\/ru\/\u0443\u0441\u043b\u043e\u0432\u0438\u044f-\u043f\u0440\u043e\u0434\u0430\u0436\u0438\/\" \/>\n<meta property=\"og:locale\" content=\"ru_RU\" \/>\n<meta property=\"og:type\" content=\"article\" \/>\n<meta property=\"og:title\" content=\"\u0423\u0441\u043b\u043e\u0432\u0438\u044f \u043f\u0440\u043e\u0434\u0430\u0436\u0438 - Ruumide sisekujundus ja remont\" \/>\n<meta property=\"og:url\" content=\"https:\/\/h7.veebilahendus.ee\/ru\/\u0443\u0441\u043b\u043e\u0432\u0438\u044f-\u043f\u0440\u043e\u0434\u0430\u0436\u0438\/\" \/>\n<meta property=\"og:site_name\" content=\"Ruumide sisekujundus ja remont\" \/>\n<meta property=\"article:publisher\" content=\"https:\/\/www.facebook.com\/Home7zones.eu\/\" \/>\n<meta property=\"article:modified_time\" content=\"2022-11-24T10:51:28+00:00\" \/>\n<meta name=\"twitter:card\" content=\"summary_large_image\" \/>\n<script type=\"application\/ld+json\" class=\"yoast-schema-graph\">{\"@context\":\"https:\/\/schema.org\",\"@graph\":[{\"@type\":\"WebPage\",\"@id\":\"https:\/\/h7.veebilahendus.ee\/ru\/%d1%83%d1%81%d0%bb%d0%be%d0%b2%d0%b8%d1%8f-%d0%bf%d1%80%d0%be%d0%b4%d0%b0%d0%b6%d0%b8\/\",\"url\":\"https:\/\/h7.veebilahendus.ee\/ru\/%d1%83%d1%81%d0%bb%d0%be%d0%b2%d0%b8%d1%8f-%d0%bf%d1%80%d0%be%d0%b4%d0%b0%d0%b6%d0%b8\/\",\"name\":\"\u0423\u0441\u043b\u043e\u0432\u0438\u044f \u043f\u0440\u043e\u0434\u0430\u0436\u0438 - Ruumide sisekujundus ja remont\",\"isPartOf\":{\"@id\":\"https:\/\/h7.veebilahendus.ee\/#website\"},\"datePublished\":\"2022-08-29T14:31:53+00:00\",\"dateModified\":\"2022-11-24T10:51:28+00:00\",\"breadcrumb\":{\"@id\":\"https:\/\/h7.veebilahendus.ee\/ru\/%d1%83%d1%81%d0%bb%d0%be%d0%b2%d0%b8%d1%8f-%d0%bf%d1%80%d0%be%d0%b4%d0%b0%d0%b6%d0%b8\/#breadcrumb\"},\"inLanguage\":\"ru-RU\",\"potentialAction\":[{\"@type\":\"ReadAction\",\"target\":[\"https:\/\/h7.veebilahendus.ee\/ru\/%d1%83%d1%81%d0%bb%d0%be%d0%b2%d0%b8%d1%8f-%d0%bf%d1%80%d0%be%d0%b4%d0%b0%d0%b6%d0%b8\/\"]}]},{\"@type\":\"BreadcrumbList\",\"@id\":\"https:\/\/h7.veebilahendus.ee\/ru\/%d1%83%d1%81%d0%bb%d0%be%d0%b2%d0%b8%d1%8f-%d0%bf%d1%80%d0%be%d0%b4%d0%b0%d0%b6%d0%b8\/#breadcrumb\",\"itemListElement\":[{\"@type\":\"ListItem\",\"position\":1,\"name\":\"Home 7 zones\",\"item\":\"https:\/\/h7.veebilahendus.ee\/ru\/\"},{\"@type\":\"ListItem\",\"position\":2,\"name\":\"\u0423\u0441\u043b\u043e\u0432\u0438\u044f \u043f\u0440\u043e\u0434\u0430\u0436\u0438\"}]},{\"@type\":\"WebSite\",\"@id\":\"https:\/\/h7.veebilahendus.ee\/#website\",\"url\":\"https:\/\/h7.veebilahendus.ee\/\",\"name\":\"Ruumide sisekujundus ja remont\",\"description\":\"T\u00e4ielik ruumilahendus: kujundus, ehitus- ja remondit\u00f6\u00f6d\",\"publisher\":{\"@id\":\"https:\/\/h7.veebilahendus.ee\/#organization\"},\"potentialAction\":[{\"@type\":\"SearchAction\",\"target\":{\"@type\":\"EntryPoint\",\"urlTemplate\":\"https:\/\/h7.veebilahendus.ee\/?s={search_term_string}\"},\"query-input\":{\"@type\":\"PropertyValueSpecification\",\"valueRequired\":true,\"valueName\":\"search_term_string\"}}],\"inLanguage\":\"ru-RU\"},{\"@type\":\"Organization\",\"@id\":\"https:\/\/h7.veebilahendus.ee\/#organization\",\"name\":\"Ruumide sisekujundus ja remont\",\"url\":\"https:\/\/h7.veebilahendus.ee\/\",\"logo\":{\"@type\":\"ImageObject\",\"inLanguage\":\"ru-RU\",\"@id\":\"https:\/\/h7.veebilahendus.ee\/#\/schema\/logo\/image\/\",\"url\":\"https:\/\/h7.veebilahendus.ee\/wp-content\/uploads\/2022\/08\/Home7zones-retina.png\",\"contentUrl\":\"https:\/\/h7.veebilahendus.ee\/wp-content\/uploads\/2022\/08\/Home7zones-retina.png\",\"width\":370,\"height\":200,\"caption\":\"Ruumide sisekujundus ja remont\"},\"image\":{\"@id\":\"https:\/\/h7.veebilahendus.ee\/#\/schema\/logo\/image\/\"},\"sameAs\":[\"https:\/\/www.facebook.com\/Home7zones.eu\/\"]}]}<\/script>\n<!-- \/ Yoast SEO plugin. -->","yoast_head_json":{"title":"\u0423\u0441\u043b\u043e\u0432\u0438\u044f \u043f\u0440\u043e\u0434\u0430\u0436\u0438 - Ruumide sisekujundus ja remont","robots":{"index":"index","follow":"follow","max-snippet":"max-snippet:-1","max-image-preview":"max-image-preview:large","max-video-preview":"max-video-preview:-1"},"canonical":"https:\/\/h7.veebilahendus.ee\/ru\/\u0443\u0441\u043b\u043e\u0432\u0438\u044f-\u043f\u0440\u043e\u0434\u0430\u0436\u0438\/","og_locale":"ru_RU","og_type":"article","og_title":"\u0423\u0441\u043b\u043e\u0432\u0438\u044f \u043f\u0440\u043e\u0434\u0430\u0436\u0438 - Ruumide sisekujundus ja remont","og_url":"https:\/\/h7.veebilahendus.ee\/ru\/\u0443\u0441\u043b\u043e\u0432\u0438\u044f-\u043f\u0440\u043e\u0434\u0430\u0436\u0438\/","og_site_name":"Ruumide sisekujundus ja remont","article_publisher":"https:\/\/www.facebook.com\/Home7zones.eu\/","article_modified_time":"2022-11-24T10:51:28+00:00","twitter_card":"summary_large_image","schema":{"@context":"https:\/\/schema.org","@graph":[{"@type":"WebPage","@id":"https:\/\/h7.veebilahendus.ee\/ru\/%d1%83%d1%81%d0%bb%d0%be%d0%b2%d0%b8%d1%8f-%d0%bf%d1%80%d0%be%d0%b4%d0%b0%d0%b6%d0%b8\/","url":"https:\/\/h7.veebilahendus.ee\/ru\/%d1%83%d1%81%d0%bb%d0%be%d0%b2%d0%b8%d1%8f-%d0%bf%d1%80%d0%be%d0%b4%d0%b0%d0%b6%d0%b8\/","name":"\u0423\u0441\u043b\u043e\u0432\u0438\u044f \u043f\u0440\u043e\u0434\u0430\u0436\u0438 - Ruumide sisekujundus ja remont","isPartOf":{"@id":"https:\/\/h7.veebilahendus.ee\/#website"},"datePublished":"2022-08-29T14:31:53+00:00","dateModified":"2022-11-24T10:51:28+00:00","breadcrumb":{"@id":"https:\/\/h7.veebilahendus.ee\/ru\/%d1%83%d1%81%d0%bb%d0%be%d0%b2%d0%b8%d1%8f-%d0%bf%d1%80%d0%be%d0%b4%d0%b0%d0%b6%d0%b8\/#breadcrumb"},"inLanguage":"ru-RU","potentialAction":[{"@type":"ReadAction","target":["https:\/\/h7.veebilahendus.ee\/ru\/%d1%83%d1%81%d0%bb%d0%be%d0%b2%d0%b8%d1%8f-%d0%bf%d1%80%d0%be%d0%b4%d0%b0%d0%b6%d0%b8\/"]}]},{"@type":"BreadcrumbList","@id":"https:\/\/h7.veebilahendus.ee\/ru\/%d1%83%d1%81%d0%bb%d0%be%d0%b2%d0%b8%d1%8f-%d0%bf%d1%80%d0%be%d0%b4%d0%b0%d0%b6%d0%b8\/#breadcrumb","itemListElement":[{"@type":"ListItem","position":1,"name":"Home 7 zones","item":"https:\/\/h7.veebilahendus.ee\/ru\/"},{"@type":"ListItem","position":2,"name":"\u0423\u0441\u043b\u043e\u0432\u0438\u044f \u043f\u0440\u043e\u0434\u0430\u0436\u0438"}]},{"@type":"WebSite","@id":"https:\/\/h7.veebilahendus.ee\/#website","url":"https:\/\/h7.veebilahendus.ee\/","name":"Ruumide sisekujundus ja remont","description":"T\u00e4ielik ruumilahendus: kujundus, ehitus- ja remondit\u00f6\u00f6d","publisher":{"@id":"https:\/\/h7.veebilahendus.ee\/#organization"},"potentialAction":[{"@type":"SearchAction","target":{"@type":"EntryPoint","urlTemplate":"https:\/\/h7.veebilahendus.ee\/?s={search_term_string}"},"query-input":{"@type":"PropertyValueSpecification","valueRequired":true,"valueName":"search_term_string"}}],"inLanguage":"ru-RU"},{"@type":"Organization","@id":"https:\/\/h7.veebilahendus.ee\/#organization","name":"Ruumide sisekujundus ja remont","url":"https:\/\/h7.veebilahendus.ee\/","logo":{"@type":"ImageObject","inLanguage":"ru-RU","@id":"https:\/\/h7.veebilahendus.ee\/#\/schema\/logo\/image\/","url":"https:\/\/h7.veebilahendus.ee\/wp-content\/uploads\/2022\/08\/Home7zones-retina.png","contentUrl":"https:\/\/h7.veebilahendus.ee\/wp-content\/uploads\/2022\/08\/Home7zones-retina.png","width":370,"height":200,"caption":"Ruumide sisekujundus ja remont"},"image":{"@id":"https:\/\/h7.veebilahendus.ee\/#\/schema\/logo\/image\/"},"sameAs":["https:\/\/www.facebook.com\/Home7zones.eu\/"]}]}},"coauthors":[],"author_meta":{"author_link":"https:\/\/h7.veebilahendus.ee\/ru\/author\/steve\/","display_name":"steve"},"relative_dates":{"created":"Posted 4 \u0433\u043e\u0434\u0430 ago","modified":"Updated 3 \u0433\u043e\u0434\u0430 ago"},"absolute_dates":{"created":"Posted on 29 \u0430\u0432\u0433\u0443\u0441\u0442\u0430, 2022","modified":"Updated on 24 \u043d\u043e\u044f\u0431\u0440\u044f, 2022"},"absolute_dates_time":{"created":"Posted on 29 \u0430\u0432\u0433\u0443\u0441\u0442\u0430, 2022 5:31 \u043f\u043f","modified":"Updated on 24 \u043d\u043e\u044f\u0431\u0440\u044f, 2022 12:51 \u043f\u043f"},"featured_img_caption":"","featured_img":false,"series_order":"","_links":{"self":[{"href":"https:\/\/h7.veebilahendus.ee\/ru\/wp-json\/wp\/v2\/pages\/18835","targetHints":{"allow":["GET"]}}],"collection":[{"href":"https:\/\/h7.veebilahendus.ee\/ru\/wp-json\/wp\/v2\/pages"}],"about":[{"href":"https:\/\/h7.veebilahendus.ee\/ru\/wp-json\/wp\/v2\/types\/page"}],"author":[{"embeddable":true,"href":"https:\/\/h7.veebilahendus.ee\/ru\/wp-json\/wp\/v2\/users\/5"}],"replies":[{"embeddable":true,"href":"https:\/\/h7.veebilahendus.ee\/ru\/wp-json\/wp\/v2\/comments?post=18835"}],"version-history":[{"count":0,"href":"https:\/\/h7.veebilahendus.ee\/ru\/wp-json\/wp\/v2\/pages\/18835\/revisions"}],"wp:attachment":[{"href":"https:\/\/h7.veebilahendus.ee\/ru\/wp-json\/wp\/v2\/media?parent=18835"}],"curies":[{"name":"wp","href":"https:\/\/api.w.org\/{rel}","templated":true}]}}